{"id":10,"date":"2013-11-17T12:31:41","date_gmt":"2013-11-17T10:31:41","guid":{"rendered":"http:\/\/neptun22-kv.de\/?page_id=10"},"modified":"2023-08-09T12:11:57","modified_gmt":"2023-08-09T10:11:57","slug":"termine","status":"publish","type":"page","link":"https:\/\/neptun22-kv.de\/?page_id=10","title":{"rendered":"Termine 2023"},"content":{"rendered":"<p style=\"text-align: center;\"><strong>Endlich geht es wieder los. Hier die Termine f\u00fcr 2023<\/strong><\/p>\n<p>&nbsp;<\/p>\n<p style=\"text-align: center;\"><strong>1.<\/strong> <a href=\"https:\/\/i0.wp.com\/neptun22-kv.de\/wp-content\/uploads\/2013\/11\/ST-M-R-logo.png\"><img data-attachment-id=\"271\" data-permalink=\"https:\/\/neptun22-kv.de\/?attachment_id=271\" data-orig-file=\"https:\/\/i0.wp.com\/neptun22-kv.de\/wp-content\/uploads\/2013\/11\/ST-M-R-logo.png?fit=548%2C139&amp;ssl=1\" data-orig-size=\"548,139\" data-comments-opened=\"0\" data-image-meta=\"{&quot;aperture&quot;:&quot;0&quot;,&quot;credit&quot;:&quot;&quot;,&quot;camera&quot;:&quot;&quot;,&quot;caption&quot;:&quot;&quot;,&quot;created_timestamp&quot;:&quot;0&quot;,&quot;copyright&quot;:&quot;&quot;,&quot;focal_length&quot;:&quot;0&quot;,&quot;iso&quot;:&quot;0&quot;,&quot;shutter_speed&quot;:&quot;0&quot;,&quot;title&quot;:&quot;&quot;,&quot;orientation&quot;:&quot;0&quot;}\" data-image-title=\"ST-M-R-logo\" data-image-description=\"\" data-image-caption=\"\" data-medium-file=\"https:\/\/i0.wp.com\/neptun22-kv.de\/wp-content\/uploads\/2013\/11\/ST-M-R-logo.png?fit=300%2C76&amp;ssl=1\" data-large-file=\"https:\/\/i0.wp.com\/neptun22-kv.de\/wp-content\/uploads\/2013\/11\/ST-M-R-logo.png?fit=548%2C139&amp;ssl=1\" decoding=\"async\" loading=\"lazy\" class=\"aligncenter size-medium wp-image-271\" src=\"https:\/\/i0.wp.com\/neptun22-kv.de\/wp-content\/uploads\/2013\/11\/ST-M-R-logo-300x76.png?resize=300%2C76\" alt=\"\" width=\"300\" height=\"76\" srcset=\"https:\/\/i0.wp.com\/neptun22-kv.de\/wp-content\/uploads\/2013\/11\/ST-M-R-logo.png?resize=300%2C76&amp;ssl=1 300w, https:\/\/i0.wp.com\/neptun22-kv.de\/wp-content\/uploads\/2013\/11\/ST-M-R-logo.png?w=548&amp;ssl=1 548w\" sizes=\"(max-width: 300px) 100vw, 300px\" data-recalc-dims=\"1\" \/><\/a><strong>\u00a0<a href=\"http:\/\/www.steinhuder-meer-rund.de\/\" target=\"_blank\" rel=\"noopener noreferrer\">Steinhuder Meer Rund\u00a0<\/a>\u00a0<\/strong> \u00a0 \u00a0\u00a0<strong>SA,10. Juni 2023<\/strong>\u00a0 \u00a0 \u00a0 \u00a0 Yardstick-Regatta<\/p>\n<p>&nbsp;<\/p>\n<p style=\"text-align: center;\"><strong>2.<\/strong> <a href=\"https:\/\/i0.wp.com\/neptun22-kv.de\/wp-content\/uploads\/2017\/04\/IMG_0376.jpg\"><img data-attachment-id=\"259\" data-permalink=\"https:\/\/neptun22-kv.de\/?attachment_id=259\" data-orig-file=\"https:\/\/i0.wp.com\/neptun22-kv.de\/wp-content\/uploads\/2017\/04\/IMG_0376.jpg?fit=1422%2C1127&amp;ssl=1\" data-orig-size=\"1422,1127\" data-comments-opened=\"0\" data-image-meta=\"{&quot;aperture&quot;:&quot;0&quot;,&quot;credit&quot;:&quot;&quot;,&quot;camera&quot;:&quot;&quot;,&quot;caption&quot;:&quot;&quot;,&quot;created_timestamp&quot;:&quot;0&quot;,&quot;copyright&quot;:&quot;&quot;,&quot;focal_length&quot;:&quot;0&quot;,&quot;iso&quot;:&quot;0&quot;,&quot;shutter_speed&quot;:&quot;0&quot;,&quot;title&quot;:&quot;&quot;,&quot;orientation&quot;:&quot;0&quot;}\" data-image-title=\"IMG_0376\" data-image-description=\"\" data-image-caption=\"\" data-medium-file=\"https:\/\/i0.wp.com\/neptun22-kv.de\/wp-content\/uploads\/2017\/04\/IMG_0376.jpg?fit=300%2C238&amp;ssl=1\" data-large-file=\"https:\/\/i0.wp.com\/neptun22-kv.de\/wp-content\/uploads\/2017\/04\/IMG_0376.jpg?fit=720%2C571&amp;ssl=1\" decoding=\"async\" loading=\"lazy\" class=\"aligncenter wp-image-259 size-thumbnail\" src=\"https:\/\/i0.wp.com\/neptun22-kv.de\/wp-content\/uploads\/2017\/04\/IMG_0376-150x150.jpg?resize=150%2C150\" alt=\"\" width=\"150\" height=\"150\" srcset=\"https:\/\/i0.wp.com\/neptun22-kv.de\/wp-content\/uploads\/2017\/04\/IMG_0376.jpg?resize=150%2C150&amp;ssl=1 150w, https:\/\/i0.wp.com\/neptun22-kv.de\/wp-content\/uploads\/2017\/04\/IMG_0376.jpg?resize=230%2C230&amp;ssl=1 230w, https:\/\/i0.wp.com\/neptun22-kv.de\/wp-content\/uploads\/2017\/04\/IMG_0376.jpg?resize=365%2C365&amp;ssl=1 365w, https:\/\/i0.wp.com\/neptun22-kv.de\/wp-content\/uploads\/2017\/04\/IMG_0376.jpg?zoom=2&amp;resize=150%2C150&amp;ssl=1 300w, https:\/\/i0.wp.com\/neptun22-kv.de\/wp-content\/uploads\/2017\/04\/IMG_0376.jpg?zoom=3&amp;resize=150%2C150&amp;ssl=1 450w\" sizes=\"(max-width: 150px) 100vw, 150px\" data-recalc-dims=\"1\" \/><\/a><\/p>\n<p style=\"text-align: center;\"><strong><a href=\"http:\/\/scl-duemmer.de\/?page_id=93\">JeKaMi D\u00fcmmer<\/a><\/strong> \u00a0\u00a0\u00a0\u00a0 <strong>SA\/SO 05.\/06.August 2023. \u00a0<\/strong>\u00a0 \u00a0 \u00a0 \u00a0 Yardstick-Regatta<\/p>\n<p style=\"text-align: center;\"><strong>3.<\/strong><a href=\"https:\/\/i0.wp.com\/neptun22-kv.de\/wp-content\/uploads\/2013\/11\/speckregatta.jpg\"><img data-attachment-id=\"270\" data-permalink=\"https:\/\/neptun22-kv.de\/?attachment_id=270\" data-orig-file=\"https:\/\/i0.wp.com\/neptun22-kv.de\/wp-content\/uploads\/2013\/11\/speckregatta.jpg?fit=585%2C80&amp;ssl=1\" data-orig-size=\"585,80\" data-comments-opened=\"0\" data-image-meta=\"{&quot;aperture&quot;:&quot;0&quot;,&quot;credit&quot;:&quot;&quot;,&quot;camera&quot;:&quot;&quot;,&quot;caption&quot;:&quot;&quot;,&quot;created_timestamp&quot;:&quot;1492618307&quot;,&quot;copyright&quot;:&quot;&quot;,&quot;focal_length&quot;:&quot;0&quot;,&quot;iso&quot;:&quot;0&quot;,&quot;shutter_speed&quot;:&quot;0&quot;,&quot;title&quot;:&quot;&quot;,&quot;orientation&quot;:&quot;1&quot;}\" data-image-title=\"speckregatta\" data-image-description=\"\" data-image-caption=\"\" data-medium-file=\"https:\/\/i0.wp.com\/neptun22-kv.de\/wp-content\/uploads\/2013\/11\/speckregatta.jpg?fit=300%2C41&amp;ssl=1\" data-large-file=\"https:\/\/i0.wp.com\/neptun22-kv.de\/wp-content\/uploads\/2013\/11\/speckregatta.jpg?fit=585%2C80&amp;ssl=1\" decoding=\"async\" loading=\"lazy\" class=\"aligncenter size-medium wp-image-270\" src=\"https:\/\/i0.wp.com\/neptun22-kv.de\/wp-content\/uploads\/2013\/11\/speckregatta-300x41.jpg?resize=300%2C41\" alt=\"\" width=\"300\" height=\"41\" srcset=\"https:\/\/i0.wp.com\/neptun22-kv.de\/wp-content\/uploads\/2013\/11\/speckregatta.jpg?resize=300%2C41&amp;ssl=1 300w, https:\/\/i0.wp.com\/neptun22-kv.de\/wp-content\/uploads\/2013\/11\/speckregatta.jpg?w=585&amp;ssl=1 585w\" sizes=\"(max-width: 300px) 100vw, 300px\" data-recalc-dims=\"1\" \/><\/a><\/p>\n<p style=\"text-align: center;\"><strong><a href=\"http:\/\/www.speckregatta.de\/\">Speckregatta\u00a0Arnis &#8211; Schlei<\/a>\u00a0<\/strong>\u00a0 \u00a0<strong>SA-SO 02.\/03. September 2023<\/strong>\u00a0 \u00a0 \u00a0Yardstick-Regatta<\/p>\n<p>&nbsp;<\/p>\n<p style=\"text-align: center;\"><a href=\"https:\/\/www.schlei-segel-club.de\/termine-2023\/\"><strong>6.<\/strong> <\/a><strong><a href=\"https:\/\/www.schlei-segel-club.de\/termine-2023\/\">Blaues Band der Schlei<\/a> SA 30. September 2023<\/strong><\/p>\n<p style=\"text-align: center;\">\u00a0 Yardstick-Regatta<\/p>\n<p>&nbsp;<\/p>\n<p>Liebe Seglerinnen und Segler,<\/p>\n<p>wir w\u00fcrden uns freuen wenn Sie uns weitere Termine melden w\u00fcrden, die wir einstellen k\u00f6nnen; insbesondere freuen wir uns \u00fcber Events aus S\u00fcd- und Ostdeutschland. Der Norden ist doch gut vertreten.<\/p>\n","protected":false},"excerpt":{"rendered":"<p>Endlich geht es wieder los. Hier die Termine f\u00fcr 2023 &nbsp; 1. \u00a0Steinhuder Meer Rund\u00a0\u00a0 \u00a0 \u00a0\u00a0SA,10. Juni 2023\u00a0 \u00a0 \u00a0 \u00a0 Yardstick-Regatta &nbsp; 2. JeKaMi D\u00fcmmer \u00a0\u00a0\u00a0\u00a0 SA\/SO 05.\/06.August 2023. \u00a0\u00a0 \u00a0 \u00a0 \u00a0 Yardstick-Regatta 3. Speckregatta\u00a0Arnis &#8211; Schlei\u00a0\u00a0<\/p>\n","protected":false},"author":1,"featured_media":0,"parent":0,"menu_order":0,"comment_status":"closed","ping_status":"open","template":"","meta":{"jetpack_post_was_ever_published":false,"footnotes":""},"jetpack_sharing_enabled":true,"jetpack_shortlink":"https:\/\/wp.me\/P8CHLN-a","jetpack-related-posts":[],"_links":{"self":[{"href":"https:\/\/neptun22-kv.de\/index.php?rest_route=\/wp\/v2\/pages\/10"}],"collection":[{"href":"https:\/\/neptun22-kv.de\/index.php?rest_route=\/wp\/v2\/pages"}],"about":[{"href":"https:\/\/neptun22-kv.de\/index.php?rest_route=\/wp\/v2\/types\/page"}],"author":[{"embeddable":true,"href":"https:\/\/neptun22-kv.de\/index.php?rest_route=\/wp\/v2\/users\/1"}],"replies":[{"embeddable":true,"href":"https:\/\/neptun22-kv.de\/index.php?rest_route=%2Fwp%2Fv2%2Fcomments&post=10"}],"version-history":[{"count":12,"href":"https:\/\/neptun22-kv.de\/index.php?rest_route=\/wp\/v2\/pages\/10\/revisions"}],"predecessor-version":[{"id":382,"href":"https:\/\/neptun22-kv.de\/index.php?rest_route=\/wp\/v2\/pages\/10\/revisions\/382"}],"wp:attachment":[{"href":"https:\/\/neptun22-kv.de\/index.php?rest_route=%2Fwp%2Fv2%2Fmedia&parent=10"}],"curies":[{"name":"wp","href":"https:\/\/api.w.org\/{rel}","templated":true}]}}