{"id":124,"date":"2015-11-16T22:07:50","date_gmt":"2015-11-16T20:07:50","guid":{"rendered":"http:\/\/neptun22-kv.de\/?page_id=124"},"modified":"2023-08-09T12:16:03","modified_gmt":"2023-08-09T10:16:03","slug":"fotostrecke","status":"publish","type":"page","link":"https:\/\/neptun22-kv.de\/?page_id=124","title":{"rendered":"Fotostrecke"},"content":{"rendered":"<p><a href=\"https:\/\/www.steinhuder-meer-rund.de\/die-_rund-2023_\/index.html\">Steinhuder-Meer-Rund 2023<\/a><\/p>\n<p><a href=\"http:\/\/www.steinhuder-meer-rund.de\/Bilderarchiv\/Rund2015(2)\/index.html\">Steinhuder Meer Rund 2015<\/a><\/p>\n<p><a href=\"http:\/\/www.psv1908.de\/index.php?id=920\">Stadtmeisterschaft N22 Pl\u00f6n 2015<\/a><\/p>\n","protected":false},"excerpt":{"rendered":"<p>Steinhuder-Meer-Rund 2023 Steinhuder Meer Rund 2015 Stadtmeisterschaft N22 Pl\u00f6n 2015<\/p>\n","protected":false},"author":1,"featured_media":0,"parent":0,"menu_order":0,"comment_status":"closed","ping_status":"closed","template":"","meta":{"jetpack_post_was_ever_published":false,"footnotes":""},"jetpack_sharing_enabled":true,"jetpack_shortlink":"https:\/\/wp.me\/P8CHLN-20","jetpack-related-posts":[{"id":10,"url":"https:\/\/neptun22-kv.de\/?page_id=10","url_meta":{"origin":124,"position":0},"title":"Termine 2023","author":"admin","date":"17. November 2013","format":false,"excerpt":"Endlich geht es wieder los. Hier die Termine f\u00fcr 2023 \u00a0 1. \u00a0Steinhuder Meer Rund\u00a0\u00a0 \u00a0 \u00a0\u00a0SA,10. Juni 2023\u00a0 \u00a0 \u00a0 \u00a0 Yardstick-Regatta \u00a0 2. JeKaMi D\u00fcmmer \u00a0\u00a0\u00a0\u00a0 SA\/SO 05.\/06.August 2023. \u00a0\u00a0 \u00a0 \u00a0 \u00a0 Yardstick-Regatta 3. Speckregatta\u00a0Arnis - Schlei\u00a0\u00a0 \u00a0SA-SO 02.\/03. September 2023\u00a0 \u00a0 \u00a0Yardstick-Regatta \u00a0 6. Blaues Band\u2026","rel":"","context":"\u00c4hnlicher Beitrag","block_context":{"text":"\u00c4hnlicher Beitrag","link":""},"img":{"alt_text":"","src":"","width":0,"height":0},"classes":[]},{"id":28,"url":"https:\/\/neptun22-kv.de\/?page_id=28","url_meta":{"origin":124,"position":1},"title":"Die N22-KV","author":"admin","date":"17. November 2013","format":false,"excerpt":"Hier finden Sie die Informationen zur Klassenvereinigung der Neptun 22 KV: Die aktuelle Satzung, die\u00a0Beitrittserkl\u00e4rung und die Erteilung der SEPA-Lastschrift: N22_KV_Satzung_110416 Neptun 22-Beitrittserkl\u00e4rung_zur_KV_04-03-2015\u00a0* SEPA-Lastschrift-N22 Der aktuelle Jahresbeitrag betr\u00e4gt 10\u20ac , wenn Sie uns unterst\u00fctzen wollen, dann werden Sie doch Mitglied. * bitte immer mit der SEPA-Lastschrift-N22 zusammen zur\u00fcckschicken. Danke","rel":"","context":"\u00c4hnlicher Beitrag","block_context":{"text":"\u00c4hnlicher Beitrag","link":""},"img":{"alt_text":"","src":"","width":0,"height":0},"classes":[]},{"id":42,"url":"https:\/\/neptun22-kv.de\/?page_id=42","url_meta":{"origin":124,"position":2},"title":"Technik","author":"admin","date":"17. November 2013","format":false,"excerpt":"Klassenvorschriften und Interessantes zur N22-Technik: Die Klassenvorschriften: \u00a0 \u00a0\u00a0Neptun_22_KV_01.06.1986\u00a0 \u00a0 \u00a0Diese Klassenvorschriften legen die Eckdaten f\u00fcr einen Klassenkonformen Aufbau einer N22-Miglitsch zu Regattazwecken fest. Einige interessante Originaldokumente und Zusammenstellungen von Harald Friedrichs: N22_DATA N22_RISS N22TRIMM neptun_22_takelplan Das offizielle Segelzeichen, so wie in den o.a. Klassenvorschriften beschrieben, sieht wie folgt aus:\u2026","rel":"","context":"\u00c4hnlicher Beitrag","block_context":{"text":"\u00c4hnlicher Beitrag","link":""},"img":{"alt_text":"","src":"https:\/\/i0.wp.com\/neptun22-kv.de\/wp-content\/uploads\/2013\/11\/Segelzeichen-281x300.png?resize=350%2C200","width":350,"height":200},"classes":[]}],"_links":{"self":[{"href":"https:\/\/neptun22-kv.de\/index.php?rest_route=\/wp\/v2\/pages\/124"}],"collection":[{"href":"https:\/\/neptun22-kv.de\/index.php?rest_route=\/wp\/v2\/pages"}],"about":[{"href":"https:\/\/neptun22-kv.de\/index.php?rest_route=\/wp\/v2\/types\/page"}],"author":[{"embeddable":true,"href":"https:\/\/neptun22-kv.de\/index.php?rest_route=\/wp\/v2\/users\/1"}],"replies":[{"embeddable":true,"href":"https:\/\/neptun22-kv.de\/index.php?rest_route=%2Fwp%2Fv2%2Fcomments&post=124"}],"version-history":[{"count":4,"href":"https:\/\/neptun22-kv.de\/index.php?rest_route=\/wp\/v2\/pages\/124\/revisions"}],"predecessor-version":[{"id":384,"href":"https:\/\/neptun22-kv.de\/index.php?rest_route=\/wp\/v2\/pages\/124\/revisions\/384"}],"wp:attachment":[{"href":"https:\/\/neptun22-kv.de\/index.php?rest_route=%2Fwp%2Fv2%2Fmedia&parent=124"}],"curies":[{"name":"wp","href":"https:\/\/api.w.org\/{rel}","templated":true}]}}