{"id":13,"date":"2013-11-17T12:53:24","date_gmt":"2013-11-17T10:53:24","guid":{"rendered":"http:\/\/neptun22-kv.de\/?page_id=13"},"modified":"2015-03-04T17:32:08","modified_gmt":"2015-03-04T15:32:08","slug":"impressum","status":"publish","type":"page","link":"https:\/\/neptun22-kv.de\/?page_id=13","title":{"rendered":"Impressum"},"content":{"rendered":"<p><strong>Neptun 22 Klassenvereinigung<\/strong><strong>\u00a0e.V.<\/strong><\/p>\n<p><strong>Stefan Schultz,<\/strong>\u00a0<strong>1. Vorsitzender\u00a0<\/strong><\/p>\n<p>Tel.: +49 170 290 1707<\/p>\n<div>eMail: <a href=\"mailto:1.vorsitzende@scl-duemmer.de?subject=re: SCL\">seglerstefan@freenet.de<\/a><\/div>\n<div><\/div>\n<div><strong>Vereinsregisternummer:<\/strong> VR 320 beim Registergericht Bad Oeynhausen<\/div>\n<div><\/div>\n<div>Copyright &amp; Haftungsausschluss<\/div>\n<div>Auf alle auf diesem Server verf\u00fcgbaren Dokumente, Grafiken und Softwarearchive besitzt, soweit nicht anders angegeben, die\u00a0Klassenvereinigung -KV-\u00a0ein Copyright. Sie d\u00fcrfen den Inhalt dieser Website nur f\u00fcr informative und nichtkommerzielle Zwecke verwenden. Eine Modifizierung und\/oder Verwendung ohne den Copyrighthinweis auf die KV\u00a0ist nicht zul\u00e4ssig.<\/div>\n<div>Die KV\u00a0und\/oder Ihre Partner \u00fcbernehmen keine Haftung f\u00fcr die auf diesen Seiten gemachten Angaben und Informationen. Die und\/oder einer Ihrer Partner kann nicht haftbar gemacht werden, f\u00fcr Sch\u00e4den, Folgesch\u00e4den oder sonstige Sch\u00e4den die aus Nutzungsausfall, Verlust von Daten oder<br \/>\nentgangenem Gewinn resultieren.<br \/>\nWir \u00fcbernehmen keinerlei Haftung f\u00fcr Seiten, die durch einen Link auf unseren Seiten erreichbar sind. Nat\u00fcrlich haben wir uns beim Einbau der Links davon \u00fcberzeugt, dass diese Seiten einen gesetzm\u00e4\u00dfigen Inhalt haben, und zu unseren Produkten passen. Da sich dies jedoch \u00e4ndern<br \/>\nk\u00f6nnte, lehnen wir jegliche Haftung ab. Wir bitten jedoch um Information, falls Sie durch einen solchen Link ungesetzliche, gegen die W\u00fcrde des Menschen versto\u00dfende, gewaltverherrlichende oder volksverhetzende Inhalte finden sollten.<br \/>\nDie auf diesem Server ver\u00f6ffentlichten Dokumente, Bilder und Softwarearchive k\u00f6nnen technische Ungenauigkeiten und typografische Fehler enthalten. Die beh\u00e4lt sich vor, jederzeit \u00c4nderungen und\/oder Verbesserungen an den hier beschriebenen Dingen und\/oder Programmen vorzunehmen.<\/div>\n","protected":false},"excerpt":{"rendered":"<p>Neptun 22 Klassenvereinigung\u00a0e.V. Stefan Schultz,\u00a01. Vorsitzender\u00a0 Tel.: +49 170 290 1707 eMail: seglerstefan@freenet.de Vereinsregisternummer: VR 320 beim Registergericht Bad Oeynhausen Copyright &amp; Haftungsausschluss Auf alle auf diesem Server verf\u00fcgbaren Dokumente, Grafiken und Softwarearchive besitzt, soweit nicht anders angegeben, die\u00a0Klassenvereinigung -KV-\u00a0ein<\/p>\n","protected":false},"author":1,"featured_media":0,"parent":0,"menu_order":0,"comment_status":"closed","ping_status":"open","template":"","meta":{"jetpack_post_was_ever_published":false,"footnotes":""},"jetpack_sharing_enabled":true,"jetpack_shortlink":"https:\/\/wp.me\/P8CHLN-d","jetpack-related-posts":[{"id":241,"url":"https:\/\/neptun22-kv.de\/?page_id=241","url_meta":{"origin":13,"position":0},"title":"Liebe Seglerinnen und Segler!","author":"admin","date":"16. April 2017","format":false,"excerpt":"Die Klassenvereinigung der Neptun 22\u00a0 informiert \u00fcber das Regattasegeln Die Klassenvereinigung der Neptun 22 e.V. ist eine kleine Vereinigung von aktiven Regattaseglern. In den 70er- und 80-er Jahren wurden regelm\u00e4\u00dfig gro\u00dfe Ranglistenregatten an den Norddeutschen und Berliner Seen ausgerichtet. Anfang der 90er wurde es still um die KV, doch seit\u2026","rel":"","context":"\u00c4hnlicher Beitrag","block_context":{"text":"\u00c4hnlicher Beitrag","link":""},"img":{"alt_text":"","src":"https:\/\/i0.wp.com\/neptun22-kv.de\/wp-content\/uploads\/2017\/04\/IMG_3298-2-1024x542.jpg?resize=350%2C200","width":350,"height":200},"classes":[]},{"id":41,"url":"https:\/\/neptun22-kv.de\/?page_id=41","url_meta":{"origin":13,"position":1},"title":"Service","author":"admin","date":"16. November 2015","format":false,"excerpt":"In Zusammenarbeit mit der Firma sailshirt.com bietet die Klassenvereinigung allen interessierten Neptun22-Seglerinnen und Seglern die M\u00f6glichkeit, sich mit entsprechend bestickter Segelbekleidung einzukleiden:\u00a0\u00a0\u00a0\u00a0\u00a0\u00a0\u00a0 \u00a0crew wear Neptun 22 Wer sich beim Ausr\u00fcster seines Vertrauens Bekleidung bestellen m\u00f6chte, verwende bitte das offizielle LOGO der Klassenvereinigung der Neptun 22 KV! Wir bieten dies hier\u00a0\u2026","rel":"","context":"\u00c4hnlicher Beitrag","block_context":{"text":"\u00c4hnlicher Beitrag","link":""},"img":{"alt_text":"","src":"","width":0,"height":0},"classes":[]},{"id":28,"url":"https:\/\/neptun22-kv.de\/?page_id=28","url_meta":{"origin":13,"position":2},"title":"Die N22-KV","author":"admin","date":"17. November 2013","format":false,"excerpt":"Hier finden Sie die Informationen zur Klassenvereinigung der Neptun 22 KV: Die aktuelle Satzung, die\u00a0Beitrittserkl\u00e4rung und die Erteilung der SEPA-Lastschrift: N22_KV_Satzung_110416 Neptun 22-Beitrittserkl\u00e4rung_zur_KV_04-03-2015\u00a0* SEPA-Lastschrift-N22 Der aktuelle Jahresbeitrag betr\u00e4gt 10\u20ac , wenn Sie uns unterst\u00fctzen wollen, dann werden Sie doch Mitglied. * bitte immer mit der SEPA-Lastschrift-N22 zusammen zur\u00fcckschicken. Danke","rel":"","context":"\u00c4hnlicher Beitrag","block_context":{"text":"\u00c4hnlicher Beitrag","link":""},"img":{"alt_text":"","src":"","width":0,"height":0},"classes":[]},{"id":306,"url":"https:\/\/neptun22-kv.de\/?page_id=306","url_meta":{"origin":13,"position":3},"title":"Datenschutzerkl\u00e4rung","author":"admin","date":"27. Mai 2018","format":false,"excerpt":"Datenschutzerkl\u00e4rung \u00a0 1. Datenschutz auf einen Blick Allgemeine Hinweise Die folgenden Hinweise geben einen einfachen \u00dcberblick dar\u00fcber, was mit Ihren personenbezogenen Daten passiert, wenn Sie unsere Website besuchen. Personenbezogene Daten sind alle Daten, mit denen Sie pers\u00f6nlich identifiziert werden k\u00f6nnen. Ausf\u00fchrliche Informationen zum Thema Datenschutz entnehmen Sie unserer unter diesem\u2026","rel":"","context":"\u00c4hnlicher Beitrag","block_context":{"text":"\u00c4hnlicher Beitrag","link":""},"img":{"alt_text":"","src":"","width":0,"height":0},"classes":[]},{"id":42,"url":"https:\/\/neptun22-kv.de\/?page_id=42","url_meta":{"origin":13,"position":4},"title":"Technik","author":"admin","date":"17. November 2013","format":false,"excerpt":"Klassenvorschriften und Interessantes zur N22-Technik: Die Klassenvorschriften: \u00a0 \u00a0\u00a0Neptun_22_KV_01.06.1986\u00a0 \u00a0 \u00a0Diese Klassenvorschriften legen die Eckdaten f\u00fcr einen Klassenkonformen Aufbau einer N22-Miglitsch zu Regattazwecken fest. Einige interessante Originaldokumente und Zusammenstellungen von Harald Friedrichs: N22_DATA N22_RISS N22TRIMM neptun_22_takelplan Das offizielle Segelzeichen, so wie in den o.a. Klassenvorschriften beschrieben, sieht wie folgt aus:\u2026","rel":"","context":"\u00c4hnlicher Beitrag","block_context":{"text":"\u00c4hnlicher Beitrag","link":""},"img":{"alt_text":"","src":"https:\/\/i0.wp.com\/neptun22-kv.de\/wp-content\/uploads\/2013\/11\/Segelzeichen-281x300.png?resize=350%2C200","width":350,"height":200},"classes":[]},{"id":10,"url":"https:\/\/neptun22-kv.de\/?page_id=10","url_meta":{"origin":13,"position":5},"title":"Termine 2023","author":"admin","date":"17. November 2013","format":false,"excerpt":"Endlich geht es wieder los. Hier die Termine f\u00fcr 2023 \u00a0 1. \u00a0Steinhuder Meer Rund\u00a0\u00a0 \u00a0 \u00a0\u00a0SA,10. Juni 2023\u00a0 \u00a0 \u00a0 \u00a0 Yardstick-Regatta \u00a0 2. JeKaMi D\u00fcmmer \u00a0\u00a0\u00a0\u00a0 SA\/SO 05.\/06.August 2023. \u00a0\u00a0 \u00a0 \u00a0 \u00a0 Yardstick-Regatta 3. Speckregatta\u00a0Arnis - Schlei\u00a0\u00a0 \u00a0SA-SO 02.\/03. September 2023\u00a0 \u00a0 \u00a0Yardstick-Regatta \u00a0 6. Blaues Band\u2026","rel":"","context":"\u00c4hnlicher Beitrag","block_context":{"text":"\u00c4hnlicher Beitrag","link":""},"img":{"alt_text":"","src":"","width":0,"height":0},"classes":[]}],"_links":{"self":[{"href":"https:\/\/neptun22-kv.de\/index.php?rest_route=\/wp\/v2\/pages\/13"}],"collection":[{"href":"https:\/\/neptun22-kv.de\/index.php?rest_route=\/wp\/v2\/pages"}],"about":[{"href":"https:\/\/neptun22-kv.de\/index.php?rest_route=\/wp\/v2\/types\/page"}],"author":[{"embeddable":true,"href":"https:\/\/neptun22-kv.de\/index.php?rest_route=\/wp\/v2\/users\/1"}],"replies":[{"embeddable":true,"href":"https:\/\/neptun22-kv.de\/index.php?rest_route=%2Fwp%2Fv2%2Fcomments&post=13"}],"version-history":[{"count":6,"href":"https:\/\/neptun22-kv.de\/index.php?rest_route=\/wp\/v2\/pages\/13\/revisions"}],"predecessor-version":[{"id":87,"href":"https:\/\/neptun22-kv.de\/index.php?rest_route=\/wp\/v2\/pages\/13\/revisions\/87"}],"wp:attachment":[{"href":"https:\/\/neptun22-kv.de\/index.php?rest_route=%2Fwp%2Fv2%2Fmedia&parent=13"}],"curies":[{"name":"wp","href":"https:\/\/api.w.org\/{rel}","templated":true}]}}