{"id":33,"date":"2013-11-17T13:43:14","date_gmt":"2013-11-17T11:43:14","guid":{"rendered":"http:\/\/neptun22-kv.de\/?page_id=33"},"modified":"2017-04-16T17:01:56","modified_gmt":"2017-04-16T15:01:56","slug":"vorstand","status":"publish","type":"page","link":"https:\/\/neptun22-kv.de\/?page_id=33","title":{"rendered":"Vorstand"},"content":{"rendered":"<p>Auf der Jahreshauptversammlung 2017 in Steinhude wurde der derzeitige Vorstand in allen Positionen wiedergew\u00e4hlt.<\/p>\n<p><a href=\"https:\/\/i0.wp.com\/neptun22-kv.de\/wp-content\/uploads\/2013\/11\/Vorstand-2017.jpg\"><img data-attachment-id=\"239\" data-permalink=\"https:\/\/neptun22-kv.de\/?attachment_id=239\" data-orig-file=\"https:\/\/i0.wp.com\/neptun22-kv.de\/wp-content\/uploads\/2013\/11\/Vorstand-2017.jpg?fit=2036%2C1368&amp;ssl=1\" data-orig-size=\"2036,1368\" data-comments-opened=\"0\" data-image-meta=\"{&quot;aperture&quot;:&quot;2.4&quot;,&quot;credit&quot;:&quot;&quot;,&quot;camera&quot;:&quot;iPad Air 2&quot;,&quot;caption&quot;:&quot;&quot;,&quot;created_timestamp&quot;:&quot;1491063370&quot;,&quot;copyright&quot;:&quot;&quot;,&quot;focal_length&quot;:&quot;3.3&quot;,&quot;iso&quot;:&quot;25&quot;,&quot;shutter_speed&quot;:&quot;0.00413223140496&quot;,&quot;title&quot;:&quot;&quot;,&quot;orientation&quot;:&quot;1&quot;}\" data-image-title=\"Vorstand-2017\" data-image-description=\"\" data-image-caption=\"\" data-medium-file=\"https:\/\/i0.wp.com\/neptun22-kv.de\/wp-content\/uploads\/2013\/11\/Vorstand-2017.jpg?fit=300%2C202&amp;ssl=1\" data-large-file=\"https:\/\/i0.wp.com\/neptun22-kv.de\/wp-content\/uploads\/2013\/11\/Vorstand-2017.jpg?fit=720%2C484&amp;ssl=1\" decoding=\"async\" loading=\"lazy\" class=\"alignnone size-large wp-image-239\" src=\"https:\/\/i0.wp.com\/neptun22-kv.de\/wp-content\/uploads\/2013\/11\/Vorstand-2017-1024x688.jpg?resize=720%2C484\" alt=\"\" width=\"720\" height=\"484\" srcset=\"https:\/\/i0.wp.com\/neptun22-kv.de\/wp-content\/uploads\/2013\/11\/Vorstand-2017.jpg?resize=1024%2C688&amp;ssl=1 1024w, https:\/\/i0.wp.com\/neptun22-kv.de\/wp-content\/uploads\/2013\/11\/Vorstand-2017.jpg?resize=300%2C202&amp;ssl=1 300w, https:\/\/i0.wp.com\/neptun22-kv.de\/wp-content\/uploads\/2013\/11\/Vorstand-2017.jpg?resize=768%2C516&amp;ssl=1 768w, https:\/\/i0.wp.com\/neptun22-kv.de\/wp-content\/uploads\/2013\/11\/Vorstand-2017.jpg?w=2036&amp;ssl=1 2036w, https:\/\/i0.wp.com\/neptun22-kv.de\/wp-content\/uploads\/2013\/11\/Vorstand-2017.jpg?w=1440&amp;ssl=1 1440w\" sizes=\"(max-width: 720px) 100vw, 720px\" data-recalc-dims=\"1\" \/><\/a><\/p>\n<p>von lks: Harald Friedrichs, Stefan Schutz, Christian Hodde<\/p>\n<p><strong>1. Vorsitzender: <\/strong><strong>Stefan Schultz, <\/strong>Wunstorf\u00a0\u00a0\u00a0\u00a0\u00a0\u00a0\u00a0\u00a00170-2901707<\/p>\n<p><strong>2. Vorsitzender: Harald Friedrichs, <\/strong>L\u00fcbeck<strong>\u00a0\u00a0\u00a0\u00a0\u00a0 <\/strong>0173-2403538<\/p>\n<p><strong>Kassenwart: Christian Hodde, <\/strong>Stemshorn\u00a0\u00a0\u00a0\u00a0\u00a0\u00a0\u00a0 \u00a00172-5212466<\/p>\n<p>&nbsp;<\/p>\n","protected":false},"excerpt":{"rendered":"<p>Auf der Jahreshauptversammlung 2017 in Steinhude wurde der derzeitige Vorstand in allen Positionen wiedergew\u00e4hlt. von lks: Harald Friedrichs, Stefan Schutz, Christian Hodde 1. Vorsitzender: Stefan Schultz, Wunstorf\u00a0\u00a0\u00a0\u00a0\u00a0\u00a0\u00a0\u00a00170-2901707 2. Vorsitzender: Harald Friedrichs, L\u00fcbeck\u00a0\u00a0\u00a0\u00a0\u00a0 0173-2403538 Kassenwart: Christian Hodde, Stemshorn\u00a0\u00a0\u00a0\u00a0\u00a0\u00a0\u00a0 \u00a00172-5212466 &nbsp;<\/p>\n","protected":false},"author":1,"featured_media":0,"parent":0,"menu_order":0,"comment_status":"closed","ping_status":"open","template":"","meta":{"jetpack_post_was_ever_published":false,"footnotes":""},"jetpack_sharing_enabled":true,"jetpack_shortlink":"https:\/\/wp.me\/P8CHLN-x","jetpack-related-posts":[{"id":42,"url":"https:\/\/neptun22-kv.de\/?page_id=42","url_meta":{"origin":33,"position":0},"title":"Technik","author":"admin","date":"17. November 2013","format":false,"excerpt":"Klassenvorschriften und Interessantes zur N22-Technik: Die Klassenvorschriften: \u00a0 \u00a0\u00a0Neptun_22_KV_01.06.1986\u00a0 \u00a0 \u00a0Diese Klassenvorschriften legen die Eckdaten f\u00fcr einen Klassenkonformen Aufbau einer N22-Miglitsch zu Regattazwecken fest. Einige interessante Originaldokumente und Zusammenstellungen von Harald Friedrichs: N22_DATA N22_RISS N22TRIMM neptun_22_takelplan Das offizielle Segelzeichen, so wie in den o.a. Klassenvorschriften beschrieben, sieht wie folgt aus:\u2026","rel":"","context":"\u00c4hnlicher Beitrag","block_context":{"text":"\u00c4hnlicher Beitrag","link":""},"img":{"alt_text":"","src":"https:\/\/i0.wp.com\/neptun22-kv.de\/wp-content\/uploads\/2013\/11\/Segelzeichen-281x300.png?resize=350%2C200","width":350,"height":200},"classes":[]},{"id":13,"url":"https:\/\/neptun22-kv.de\/?page_id=13","url_meta":{"origin":33,"position":1},"title":"Impressum","author":"admin","date":"17. November 2013","format":false,"excerpt":"Neptun 22 Klassenvereinigung\u00a0e.V. Stefan Schultz,\u00a01. Vorsitzender\u00a0 Tel.: +49 170 290 1707 eMail: seglerstefan@freenet.de Vereinsregisternummer: VR 320 beim Registergericht Bad Oeynhausen Copyright & Haftungsausschluss Auf alle auf diesem Server verf\u00fcgbaren Dokumente, Grafiken und Softwarearchive besitzt, soweit nicht anders angegeben, die\u00a0Klassenvereinigung -KV-\u00a0ein Copyright. Sie d\u00fcrfen den Inhalt dieser Website nur f\u00fcr informative\u2026","rel":"","context":"\u00c4hnlicher Beitrag","block_context":{"text":"\u00c4hnlicher Beitrag","link":""},"img":{"alt_text":"","src":"","width":0,"height":0},"classes":[]},{"id":306,"url":"https:\/\/neptun22-kv.de\/?page_id=306","url_meta":{"origin":33,"position":2},"title":"Datenschutzerkl\u00e4rung","author":"admin","date":"27. Mai 2018","format":false,"excerpt":"Datenschutzerkl\u00e4rung \u00a0 1. Datenschutz auf einen Blick Allgemeine Hinweise Die folgenden Hinweise geben einen einfachen \u00dcberblick dar\u00fcber, was mit Ihren personenbezogenen Daten passiert, wenn Sie unsere Website besuchen. Personenbezogene Daten sind alle Daten, mit denen Sie pers\u00f6nlich identifiziert werden k\u00f6nnen. Ausf\u00fchrliche Informationen zum Thema Datenschutz entnehmen Sie unserer unter diesem\u2026","rel":"","context":"\u00c4hnlicher Beitrag","block_context":{"text":"\u00c4hnlicher Beitrag","link":""},"img":{"alt_text":"","src":"","width":0,"height":0},"classes":[]},{"id":241,"url":"https:\/\/neptun22-kv.de\/?page_id=241","url_meta":{"origin":33,"position":3},"title":"Liebe Seglerinnen und Segler!","author":"admin","date":"16. April 2017","format":false,"excerpt":"Die Klassenvereinigung der Neptun 22\u00a0 informiert \u00fcber das Regattasegeln Die Klassenvereinigung der Neptun 22 e.V. ist eine kleine Vereinigung von aktiven Regattaseglern. In den 70er- und 80-er Jahren wurden regelm\u00e4\u00dfig gro\u00dfe Ranglistenregatten an den Norddeutschen und Berliner Seen ausgerichtet. Anfang der 90er wurde es still um die KV, doch seit\u2026","rel":"","context":"\u00c4hnlicher Beitrag","block_context":{"text":"\u00c4hnlicher Beitrag","link":""},"img":{"alt_text":"","src":"https:\/\/i0.wp.com\/neptun22-kv.de\/wp-content\/uploads\/2017\/04\/IMG_3298-2-1024x542.jpg?resize=350%2C200","width":350,"height":200},"classes":[]},{"id":28,"url":"https:\/\/neptun22-kv.de\/?page_id=28","url_meta":{"origin":33,"position":4},"title":"Die N22-KV","author":"admin","date":"17. November 2013","format":false,"excerpt":"Hier finden Sie die Informationen zur Klassenvereinigung der Neptun 22 KV: Die aktuelle Satzung, die\u00a0Beitrittserkl\u00e4rung und die Erteilung der SEPA-Lastschrift: N22_KV_Satzung_110416 Neptun 22-Beitrittserkl\u00e4rung_zur_KV_04-03-2015\u00a0* SEPA-Lastschrift-N22 Der aktuelle Jahresbeitrag betr\u00e4gt 10\u20ac , wenn Sie uns unterst\u00fctzen wollen, dann werden Sie doch Mitglied. * bitte immer mit der SEPA-Lastschrift-N22 zusammen zur\u00fcckschicken. Danke","rel":"","context":"\u00c4hnlicher Beitrag","block_context":{"text":"\u00c4hnlicher Beitrag","link":""},"img":{"alt_text":"","src":"","width":0,"height":0},"classes":[]},{"id":41,"url":"https:\/\/neptun22-kv.de\/?page_id=41","url_meta":{"origin":33,"position":5},"title":"Service","author":"admin","date":"16. November 2015","format":false,"excerpt":"In Zusammenarbeit mit der Firma sailshirt.com bietet die Klassenvereinigung allen interessierten Neptun22-Seglerinnen und Seglern die M\u00f6glichkeit, sich mit entsprechend bestickter Segelbekleidung einzukleiden:\u00a0\u00a0\u00a0\u00a0\u00a0\u00a0\u00a0 \u00a0crew wear Neptun 22 Wer sich beim Ausr\u00fcster seines Vertrauens Bekleidung bestellen m\u00f6chte, verwende bitte das offizielle LOGO der Klassenvereinigung der Neptun 22 KV! Wir bieten dies hier\u00a0\u2026","rel":"","context":"\u00c4hnlicher Beitrag","block_context":{"text":"\u00c4hnlicher Beitrag","link":""},"img":{"alt_text":"","src":"","width":0,"height":0},"classes":[]}],"_links":{"self":[{"href":"https:\/\/neptun22-kv.de\/index.php?rest_route=\/wp\/v2\/pages\/33"}],"collection":[{"href":"https:\/\/neptun22-kv.de\/index.php?rest_route=\/wp\/v2\/pages"}],"about":[{"href":"https:\/\/neptun22-kv.de\/index.php?rest_route=\/wp\/v2\/types\/page"}],"author":[{"embeddable":true,"href":"https:\/\/neptun22-kv.de\/index.php?rest_route=\/wp\/v2\/users\/1"}],"replies":[{"embeddable":true,"href":"https:\/\/neptun22-kv.de\/index.php?rest_route=%2Fwp%2Fv2%2Fcomments&post=33"}],"version-history":[{"count":8,"href":"https:\/\/neptun22-kv.de\/index.php?rest_route=\/wp\/v2\/pages\/33\/revisions"}],"predecessor-version":[{"id":240,"href":"https:\/\/neptun22-kv.de\/index.php?rest_route=\/wp\/v2\/pages\/33\/revisions\/240"}],"wp:attachment":[{"href":"https:\/\/neptun22-kv.de\/index.php?rest_route=%2Fwp%2Fv2%2Fmedia&parent=33"}],"curies":[{"name":"wp","href":"https:\/\/api.w.org\/{rel}","templated":true}]}}