{"id":41,"date":"2015-11-16T21:36:43","date_gmt":"2015-11-16T19:36:43","guid":{"rendered":"http:\/\/neptun22-kv.de\/?page_id=41"},"modified":"2015-11-16T22:25:03","modified_gmt":"2015-11-16T20:25:03","slug":"service","status":"publish","type":"page","link":"https:\/\/neptun22-kv.de\/?page_id=41","title":{"rendered":"Service"},"content":{"rendered":"<p>In Zusammenarbeit mit der Firma sailshirt.com bietet die Klassenvereinigung allen interessierten Neptun22-Seglerinnen und Seglern die M\u00f6glichkeit, sich mit entsprechend bestickter Segelbekleidung einzukleiden:\u00a0\u00a0\u00a0\u00a0\u00a0\u00a0\u00a0 \u00a0<strong><a href=\"http:\/\/www.sailshirt.com\/s2\/Neptun-22\/\">crew wear Neptun 22<\/a><\/strong><\/p>\n<p>Wer sich beim Ausr\u00fcster seines Vertrauens Bekleidung bestellen m\u00f6chte, verwende bitte das offizielle LOGO der Klassenvereinigung der Neptun 22 KV! Wir bieten dies hier\u00a0 in verschiedenen Grafikformaten zum Download an:<\/p>\n<p><a href=\"http:\/\/neptun22-kv.de\/wp-content\/uploads\/2015\/11\/KV-Logo.jpg\">KV-Logo.jpg<\/a><\/p>\n<p><a href=\"http:\/\/neptun22-kv.de\/wp-content\/uploads\/2015\/11\/KV-Logo.pdf\">KV-Logo.pdf<\/a><\/p>\n<p><a href=\"http:\/\/neptun22-kv.de\/wp-content\/uploads\/2015\/11\/KV-Logo.psd\">KV-Logo.psd<\/a><\/p>\n","protected":false},"excerpt":{"rendered":"<p>In Zusammenarbeit mit der Firma sailshirt.com bietet die Klassenvereinigung allen interessierten Neptun22-Seglerinnen und Seglern die M\u00f6glichkeit, sich mit entsprechend bestickter Segelbekleidung einzukleiden:\u00a0\u00a0\u00a0\u00a0\u00a0\u00a0\u00a0 \u00a0crew wear Neptun 22 Wer sich beim Ausr\u00fcster seines Vertrauens Bekleidung bestellen m\u00f6chte, verwende bitte das offizielle LOGO<\/p>\n","protected":false},"author":1,"featured_media":0,"parent":0,"menu_order":0,"comment_status":"closed","ping_status":"open","template":"","meta":{"jetpack_post_was_ever_published":false,"footnotes":""},"jetpack_sharing_enabled":true,"jetpack_shortlink":"https:\/\/wp.me\/P8CHLN-F","jetpack-related-posts":[{"id":241,"url":"https:\/\/neptun22-kv.de\/?page_id=241","url_meta":{"origin":41,"position":0},"title":"Liebe Seglerinnen und Segler!","author":"admin","date":"16. April 2017","format":false,"excerpt":"Die Klassenvereinigung der Neptun 22\u00a0 informiert \u00fcber das Regattasegeln Die Klassenvereinigung der Neptun 22 e.V. ist eine kleine Vereinigung von aktiven Regattaseglern. In den 70er- und 80-er Jahren wurden regelm\u00e4\u00dfig gro\u00dfe Ranglistenregatten an den Norddeutschen und Berliner Seen ausgerichtet. Anfang der 90er wurde es still um die KV, doch seit\u2026","rel":"","context":"\u00c4hnlicher Beitrag","block_context":{"text":"\u00c4hnlicher Beitrag","link":""},"img":{"alt_text":"","src":"https:\/\/i0.wp.com\/neptun22-kv.de\/wp-content\/uploads\/2017\/04\/IMG_3298-2-1024x542.jpg?resize=350%2C200","width":350,"height":200},"classes":[]},{"id":28,"url":"https:\/\/neptun22-kv.de\/?page_id=28","url_meta":{"origin":41,"position":1},"title":"Die N22-KV","author":"admin","date":"17. November 2013","format":false,"excerpt":"Hier finden Sie die Informationen zur Klassenvereinigung der Neptun 22 KV: Die aktuelle Satzung, die\u00a0Beitrittserkl\u00e4rung und die Erteilung der SEPA-Lastschrift: N22_KV_Satzung_110416 Neptun 22-Beitrittserkl\u00e4rung_zur_KV_04-03-2015\u00a0* SEPA-Lastschrift-N22 Der aktuelle Jahresbeitrag betr\u00e4gt 10\u20ac , wenn Sie uns unterst\u00fctzen wollen, dann werden Sie doch Mitglied. * bitte immer mit der SEPA-Lastschrift-N22 zusammen zur\u00fcckschicken. Danke","rel":"","context":"\u00c4hnlicher Beitrag","block_context":{"text":"\u00c4hnlicher Beitrag","link":""},"img":{"alt_text":"","src":"","width":0,"height":0},"classes":[]},{"id":13,"url":"https:\/\/neptun22-kv.de\/?page_id=13","url_meta":{"origin":41,"position":2},"title":"Impressum","author":"admin","date":"17. November 2013","format":false,"excerpt":"Neptun 22 Klassenvereinigung\u00a0e.V. Stefan Schultz,\u00a01. Vorsitzender\u00a0 Tel.: +49 170 290 1707 eMail: seglerstefan@freenet.de Vereinsregisternummer: VR 320 beim Registergericht Bad Oeynhausen Copyright & Haftungsausschluss Auf alle auf diesem Server verf\u00fcgbaren Dokumente, Grafiken und Softwarearchive besitzt, soweit nicht anders angegeben, die\u00a0Klassenvereinigung -KV-\u00a0ein Copyright. Sie d\u00fcrfen den Inhalt dieser Website nur f\u00fcr informative\u2026","rel":"","context":"\u00c4hnlicher Beitrag","block_context":{"text":"\u00c4hnlicher Beitrag","link":""},"img":{"alt_text":"","src":"","width":0,"height":0},"classes":[]},{"id":33,"url":"https:\/\/neptun22-kv.de\/?page_id=33","url_meta":{"origin":41,"position":3},"title":"Vorstand","author":"admin","date":"17. November 2013","format":false,"excerpt":"Auf der Jahreshauptversammlung 2017 in Steinhude wurde der derzeitige Vorstand in allen Positionen wiedergew\u00e4hlt. von lks: Harald Friedrichs, Stefan Schutz, Christian Hodde 1. Vorsitzender: Stefan Schultz, Wunstorf\u00a0\u00a0\u00a0\u00a0\u00a0\u00a0\u00a0\u00a00170-2901707 2. Vorsitzender: Harald Friedrichs, L\u00fcbeck\u00a0\u00a0\u00a0\u00a0\u00a0 0173-2403538 Kassenwart: Christian Hodde, Stemshorn\u00a0\u00a0\u00a0\u00a0\u00a0\u00a0\u00a0 \u00a00172-5212466 \u00a0","rel":"","context":"\u00c4hnlicher Beitrag","block_context":{"text":"\u00c4hnlicher Beitrag","link":""},"img":{"alt_text":"","src":"https:\/\/i0.wp.com\/neptun22-kv.de\/wp-content\/uploads\/2013\/11\/Vorstand-2017-1024x688.jpg?resize=350%2C200","width":350,"height":200,"srcset":"https:\/\/i0.wp.com\/neptun22-kv.de\/wp-content\/uploads\/2013\/11\/Vorstand-2017-1024x688.jpg?resize=350%2C200 1x, https:\/\/i0.wp.com\/neptun22-kv.de\/wp-content\/uploads\/2013\/11\/Vorstand-2017-1024x688.jpg?resize=700%2C400 2x"},"classes":[]},{"id":10,"url":"https:\/\/neptun22-kv.de\/?page_id=10","url_meta":{"origin":41,"position":4},"title":"Termine 2023","author":"admin","date":"17. November 2013","format":false,"excerpt":"Endlich geht es wieder los. Hier die Termine f\u00fcr 2023 \u00a0 1. \u00a0Steinhuder Meer Rund\u00a0\u00a0 \u00a0 \u00a0\u00a0SA,10. Juni 2023\u00a0 \u00a0 \u00a0 \u00a0 Yardstick-Regatta \u00a0 2. JeKaMi D\u00fcmmer \u00a0\u00a0\u00a0\u00a0 SA\/SO 05.\/06.August 2023. \u00a0\u00a0 \u00a0 \u00a0 \u00a0 Yardstick-Regatta 3. Speckregatta\u00a0Arnis - Schlei\u00a0\u00a0 \u00a0SA-SO 02.\/03. September 2023\u00a0 \u00a0 \u00a0Yardstick-Regatta \u00a0 6. Blaues Band\u2026","rel":"","context":"\u00c4hnlicher Beitrag","block_context":{"text":"\u00c4hnlicher Beitrag","link":""},"img":{"alt_text":"","src":"","width":0,"height":0},"classes":[]},{"id":124,"url":"https:\/\/neptun22-kv.de\/?page_id=124","url_meta":{"origin":41,"position":5},"title":"Fotostrecke","author":"admin","date":"16. November 2015","format":false,"excerpt":"Steinhuder-Meer-Rund 2023 Steinhuder Meer Rund 2015 Stadtmeisterschaft N22 Pl\u00f6n 2015","rel":"","context":"\u00c4hnlicher Beitrag","block_context":{"text":"\u00c4hnlicher Beitrag","link":""},"img":{"alt_text":"","src":"","width":0,"height":0},"classes":[]}],"_links":{"self":[{"href":"https:\/\/neptun22-kv.de\/index.php?rest_route=\/wp\/v2\/pages\/41"}],"collection":[{"href":"https:\/\/neptun22-kv.de\/index.php?rest_route=\/wp\/v2\/pages"}],"about":[{"href":"https:\/\/neptun22-kv.de\/index.php?rest_route=\/wp\/v2\/types\/page"}],"author":[{"embeddable":true,"href":"https:\/\/neptun22-kv.de\/index.php?rest_route=\/wp\/v2\/users\/1"}],"replies":[{"embeddable":true,"href":"https:\/\/neptun22-kv.de\/index.php?rest_route=%2Fwp%2Fv2%2Fcomments&post=41"}],"version-history":[{"count":5,"href":"https:\/\/neptun22-kv.de\/index.php?rest_route=\/wp\/v2\/pages\/41\/revisions"}],"predecessor-version":[{"id":131,"href":"https:\/\/neptun22-kv.de\/index.php?rest_route=\/wp\/v2\/pages\/41\/revisions\/131"}],"wp:attachment":[{"href":"https:\/\/neptun22-kv.de\/index.php?rest_route=%2Fwp%2Fv2%2Fmedia&parent=41"}],"curies":[{"name":"wp","href":"https:\/\/api.w.org\/{rel}","templated":true}]}}