{"id":42,"date":"2013-11-17T14:05:37","date_gmt":"2013-11-17T12:05:37","guid":{"rendered":"http:\/\/neptun22-kv.de\/?page_id=42"},"modified":"2017-04-19T16:32:45","modified_gmt":"2017-04-19T14:32:45","slug":"technik","status":"publish","type":"page","link":"https:\/\/neptun22-kv.de\/?page_id=42","title":{"rendered":"Technik"},"content":{"rendered":"<p><strong>Klassenvorschriften und Interessantes zur N22-Technik:<\/strong><\/p>\n<p>Die Klassenvorschriften: \u00a0 \u00a0\u00a0<a href=\"http:\/\/neptun22-kv.de\/wp-content\/uploads\/2013\/11\/Neptun_22_KV_01.06.1986.pdf\">Neptun_22_KV_01.06.1986<\/a>\u00a0 \u00a0 \u00a0Diese Klassenvorschriften legen die Eckdaten f\u00fcr einen Klassenkonformen Aufbau einer N22-Miglitsch zu Regattazwecken fest.<\/p>\n<p>Einige interessante Originaldokumente und Zusammenstellungen von Harald Friedrichs:<\/p>\n<ul>\n<li><a href=\"http:\/\/neptun22-kv.de\/wp-content\/uploads\/2013\/11\/N22_DATA.pdf\">N22_DATA<\/a><\/li>\n<li><a href=\"http:\/\/neptun22-kv.de\/wp-content\/uploads\/2013\/11\/N22_RISS.pdf\">N22_<\/a><a href=\"http:\/\/neptun22-kv.de\/wp-content\/uploads\/2013\/11\/N22_RISS.pdf\">RISS<\/a><\/li>\n<li><a href=\"http:\/\/neptun22-kv.de\/wp-content\/uploads\/2013\/11\/N22TRIMM.pdf\">N22TRIMM<\/a><\/li>\n<li><a href=\"http:\/\/neptun22-kv.de\/wp-content\/uploads\/2013\/11\/neptun_22_takelplan.pdf\">neptun_22_takelplan<\/a><\/li>\n<\/ul>\n<p>Das offizielle Segelzeichen, so wie in den o.a. Klassenvorschriften beschrieben, sieht wie folgt aus:<\/p>\n<p><a href=\"https:\/\/i0.wp.com\/neptun22-kv.de\/wp-content\/uploads\/2013\/11\/Segelzeichen.png\"><img data-attachment-id=\"132\" data-permalink=\"https:\/\/neptun22-kv.de\/?attachment_id=132\" data-orig-file=\"https:\/\/i0.wp.com\/neptun22-kv.de\/wp-content\/uploads\/2013\/11\/Segelzeichen.png?fit=2025%2C2162&amp;ssl=1\" data-orig-size=\"2025,2162\" data-comments-opened=\"0\" data-image-meta=\"{&quot;aperture&quot;:&quot;0&quot;,&quot;credit&quot;:&quot;&quot;,&quot;camera&quot;:&quot;&quot;,&quot;caption&quot;:&quot;&quot;,&quot;created_timestamp&quot;:&quot;0&quot;,&quot;copyright&quot;:&quot;&quot;,&quot;focal_length&quot;:&quot;0&quot;,&quot;iso&quot;:&quot;0&quot;,&quot;shutter_speed&quot;:&quot;0&quot;,&quot;title&quot;:&quot;&quot;,&quot;orientation&quot;:&quot;0&quot;}\" data-image-title=\"Segelzeichen\" data-image-description=\"\" data-image-caption=\"\" data-medium-file=\"https:\/\/i0.wp.com\/neptun22-kv.de\/wp-content\/uploads\/2013\/11\/Segelzeichen.png?fit=281%2C300&amp;ssl=1\" data-large-file=\"https:\/\/i0.wp.com\/neptun22-kv.de\/wp-content\/uploads\/2013\/11\/Segelzeichen.png?fit=720%2C769&amp;ssl=1\" decoding=\"async\" loading=\"lazy\" class=\"alignnone wp-image-132 size-medium\" src=\"https:\/\/i0.wp.com\/neptun22-kv.de\/wp-content\/uploads\/2013\/11\/Segelzeichen-281x300.png?resize=281%2C300\" alt=\"Segelzeichen\" width=\"281\" height=\"300\" srcset=\"https:\/\/i0.wp.com\/neptun22-kv.de\/wp-content\/uploads\/2013\/11\/Segelzeichen.png?resize=281%2C300&amp;ssl=1 281w, https:\/\/i0.wp.com\/neptun22-kv.de\/wp-content\/uploads\/2013\/11\/Segelzeichen.png?resize=959%2C1024&amp;ssl=1 959w, https:\/\/i0.wp.com\/neptun22-kv.de\/wp-content\/uploads\/2013\/11\/Segelzeichen.png?w=2025&amp;ssl=1 2025w, https:\/\/i0.wp.com\/neptun22-kv.de\/wp-content\/uploads\/2013\/11\/Segelzeichen.png?w=1440&amp;ssl=1 1440w\" sizes=\"(max-width: 281px) 100vw, 281px\" data-recalc-dims=\"1\" \/><\/a><\/p>\n<p>Wir bitten alle Segelausr\u00fcster und Ausstatter, nur dieses Logo zu verwenden.<\/p>\n","protected":false},"excerpt":{"rendered":"<p>Klassenvorschriften und Interessantes zur N22-Technik: Die Klassenvorschriften: \u00a0 \u00a0\u00a0Neptun_22_KV_01.06.1986\u00a0 \u00a0 \u00a0Diese Klassenvorschriften legen die Eckdaten f\u00fcr einen Klassenkonformen Aufbau einer N22-Miglitsch zu Regattazwecken fest. Einige interessante Originaldokumente und Zusammenstellungen von Harald Friedrichs: N22_DATA N22_RISS N22TRIMM neptun_22_takelplan Das offizielle Segelzeichen, so<\/p>\n","protected":false},"author":1,"featured_media":0,"parent":0,"menu_order":0,"comment_status":"closed","ping_status":"open","template":"","meta":{"jetpack_post_was_ever_published":false,"footnotes":""},"jetpack_sharing_enabled":true,"jetpack_shortlink":"https:\/\/wp.me\/P8CHLN-G","jetpack-related-posts":[{"id":28,"url":"https:\/\/neptun22-kv.de\/?page_id=28","url_meta":{"origin":42,"position":0},"title":"Die N22-KV","author":"admin","date":"17. November 2013","format":false,"excerpt":"Hier finden Sie die Informationen zur Klassenvereinigung der Neptun 22 KV: Die aktuelle Satzung, die\u00a0Beitrittserkl\u00e4rung und die Erteilung der SEPA-Lastschrift: N22_KV_Satzung_110416 Neptun 22-Beitrittserkl\u00e4rung_zur_KV_04-03-2015\u00a0* SEPA-Lastschrift-N22 Der aktuelle Jahresbeitrag betr\u00e4gt 10\u20ac , wenn Sie uns unterst\u00fctzen wollen, dann werden Sie doch Mitglied. * bitte immer mit der SEPA-Lastschrift-N22 zusammen zur\u00fcckschicken. Danke","rel":"","context":"\u00c4hnlicher Beitrag","block_context":{"text":"\u00c4hnlicher Beitrag","link":""},"img":{"alt_text":"","src":"","width":0,"height":0},"classes":[]},{"id":124,"url":"https:\/\/neptun22-kv.de\/?page_id=124","url_meta":{"origin":42,"position":1},"title":"Fotostrecke","author":"admin","date":"16. November 2015","format":false,"excerpt":"Steinhuder-Meer-Rund 2023 Steinhuder Meer Rund 2015 Stadtmeisterschaft N22 Pl\u00f6n 2015","rel":"","context":"\u00c4hnlicher Beitrag","block_context":{"text":"\u00c4hnlicher Beitrag","link":""},"img":{"alt_text":"","src":"","width":0,"height":0},"classes":[]},{"id":306,"url":"https:\/\/neptun22-kv.de\/?page_id=306","url_meta":{"origin":42,"position":2},"title":"Datenschutzerkl\u00e4rung","author":"admin","date":"27. Mai 2018","format":false,"excerpt":"Datenschutzerkl\u00e4rung \u00a0 1. Datenschutz auf einen Blick Allgemeine Hinweise Die folgenden Hinweise geben einen einfachen \u00dcberblick dar\u00fcber, was mit Ihren personenbezogenen Daten passiert, wenn Sie unsere Website besuchen. Personenbezogene Daten sind alle Daten, mit denen Sie pers\u00f6nlich identifiziert werden k\u00f6nnen. Ausf\u00fchrliche Informationen zum Thema Datenschutz entnehmen Sie unserer unter diesem\u2026","rel":"","context":"\u00c4hnlicher Beitrag","block_context":{"text":"\u00c4hnlicher Beitrag","link":""},"img":{"alt_text":"","src":"","width":0,"height":0},"classes":[]},{"id":13,"url":"https:\/\/neptun22-kv.de\/?page_id=13","url_meta":{"origin":42,"position":3},"title":"Impressum","author":"admin","date":"17. November 2013","format":false,"excerpt":"Neptun 22 Klassenvereinigung\u00a0e.V. Stefan Schultz,\u00a01. Vorsitzender\u00a0 Tel.: +49 170 290 1707 eMail: seglerstefan@freenet.de Vereinsregisternummer: VR 320 beim Registergericht Bad Oeynhausen Copyright & Haftungsausschluss Auf alle auf diesem Server verf\u00fcgbaren Dokumente, Grafiken und Softwarearchive besitzt, soweit nicht anders angegeben, die\u00a0Klassenvereinigung -KV-\u00a0ein Copyright. Sie d\u00fcrfen den Inhalt dieser Website nur f\u00fcr informative\u2026","rel":"","context":"\u00c4hnlicher Beitrag","block_context":{"text":"\u00c4hnlicher Beitrag","link":""},"img":{"alt_text":"","src":"","width":0,"height":0},"classes":[]},{"id":241,"url":"https:\/\/neptun22-kv.de\/?page_id=241","url_meta":{"origin":42,"position":4},"title":"Liebe Seglerinnen und Segler!","author":"admin","date":"16. April 2017","format":false,"excerpt":"Die Klassenvereinigung der Neptun 22\u00a0 informiert \u00fcber das Regattasegeln Die Klassenvereinigung der Neptun 22 e.V. ist eine kleine Vereinigung von aktiven Regattaseglern. In den 70er- und 80-er Jahren wurden regelm\u00e4\u00dfig gro\u00dfe Ranglistenregatten an den Norddeutschen und Berliner Seen ausgerichtet. Anfang der 90er wurde es still um die KV, doch seit\u2026","rel":"","context":"\u00c4hnlicher Beitrag","block_context":{"text":"\u00c4hnlicher Beitrag","link":""},"img":{"alt_text":"","src":"https:\/\/i0.wp.com\/neptun22-kv.de\/wp-content\/uploads\/2017\/04\/IMG_3298-2-1024x542.jpg?resize=350%2C200","width":350,"height":200},"classes":[]},{"id":10,"url":"https:\/\/neptun22-kv.de\/?page_id=10","url_meta":{"origin":42,"position":5},"title":"Termine 2023","author":"admin","date":"17. November 2013","format":false,"excerpt":"Endlich geht es wieder los. Hier die Termine f\u00fcr 2023 \u00a0 1. \u00a0Steinhuder Meer Rund\u00a0\u00a0 \u00a0 \u00a0\u00a0SA,10. Juni 2023\u00a0 \u00a0 \u00a0 \u00a0 Yardstick-Regatta \u00a0 2. JeKaMi D\u00fcmmer \u00a0\u00a0\u00a0\u00a0 SA\/SO 05.\/06.August 2023. \u00a0\u00a0 \u00a0 \u00a0 \u00a0 Yardstick-Regatta 3. Speckregatta\u00a0Arnis - Schlei\u00a0\u00a0 \u00a0SA-SO 02.\/03. September 2023\u00a0 \u00a0 \u00a0Yardstick-Regatta \u00a0 6. Blaues Band\u2026","rel":"","context":"\u00c4hnlicher Beitrag","block_context":{"text":"\u00c4hnlicher Beitrag","link":""},"img":{"alt_text":"","src":"","width":0,"height":0},"classes":[]}],"_links":{"self":[{"href":"https:\/\/neptun22-kv.de\/index.php?rest_route=\/wp\/v2\/pages\/42"}],"collection":[{"href":"https:\/\/neptun22-kv.de\/index.php?rest_route=\/wp\/v2\/pages"}],"about":[{"href":"https:\/\/neptun22-kv.de\/index.php?rest_route=\/wp\/v2\/types\/page"}],"author":[{"embeddable":true,"href":"https:\/\/neptun22-kv.de\/index.php?rest_route=\/wp\/v2\/users\/1"}],"replies":[{"embeddable":true,"href":"https:\/\/neptun22-kv.de\/index.php?rest_route=%2Fwp%2Fv2%2Fcomments&post=42"}],"version-history":[{"count":5,"href":"https:\/\/neptun22-kv.de\/index.php?rest_route=\/wp\/v2\/pages\/42\/revisions"}],"predecessor-version":[{"id":277,"href":"https:\/\/neptun22-kv.de\/index.php?rest_route=\/wp\/v2\/pages\/42\/revisions\/277"}],"wp:attachment":[{"href":"https:\/\/neptun22-kv.de\/index.php?rest_route=%2Fwp%2Fv2%2Fmedia&parent=42"}],"curies":[{"name":"wp","href":"https:\/\/api.w.org\/{rel}","templated":true}]}}